{"id":585,"date":"2019-05-29T13:51:40","date_gmt":"2019-05-29T11:51:40","guid":{"rendered":"https:\/\/new.2horn.it\/apartment-suedtirol-egarter\/"},"modified":"2026-03-13T12:32:03","modified_gmt":"2026-03-13T11:32:03","slug":"einschreibungen","status":"publish","type":"page","link":"https:\/\/www.2horn.it\/it\/einschreibungen\/","title":{"rendered":"Iscrizione"},"content":{"rendered":"","protected":false},"excerpt":{"rendered":"","protected":false},"author":1,"featured_media":0,"parent":0,"menu_order":2,"comment_status":"closed","ping_status":"closed","template":"template-kontakt.php","meta":{"_acf_changed":false,"footnotes":""},"class_list":["post-585","page","type-page","status-publish","hentry"],"acf":[],"yoast_head":"<!-- This site is optimized with the Yoast SEO plugin v24.8.1 - https:\/\/yoast.com\/wordpress\/plugins\/seo\/ -->\n<title>Einschreibung 2Horn Downhill<\/title>\n<meta name=\"description\" content=\"Apartment S\u00fcdtirol Egarter anfragen und buchen, wo es g\u00fcnstig ist. An der S\u00fcdtiroler Weinstra\u00dfe zwischen Bozen und dem Kalterer See gelegen nahe Golfplatz.\" \/>\n<meta name=\"robots\" content=\"index, follow, max-snippet:-1, max-image-preview:large, max-video-preview:-1\" \/>\n<link rel=\"canonical\" href=\"https:\/\/www.2horn.it\/it\/einschreibungen\/\" \/>\n<meta property=\"og:locale\" content=\"it_IT\" \/>\n<meta property=\"og:type\" content=\"article\" \/>\n<meta property=\"og:title\" content=\"Einschreibung 2Horn Downhill\" \/>\n<meta property=\"og:description\" content=\"Apartment S\u00fcdtirol Egarter anfragen und buchen, wo es g\u00fcnstig ist. An der S\u00fcdtiroler Weinstra\u00dfe zwischen Bozen und dem Kalterer See gelegen nahe Golfplatz.\" \/>\n<meta property=\"og:url\" content=\"https:\/\/www.2horn.it\/it\/einschreibungen\/\" \/>\n<meta property=\"og:site_name\" content=\"2 Horn\" \/>\n<meta property=\"article:modified_time\" content=\"2026-03-13T11:32:03+00:00\" \/>\n<meta name=\"twitter:card\" content=\"summary_large_image\" \/>\n<script type=\"application\/ld+json\" class=\"yoast-schema-graph\">{\"@context\":\"https:\/\/schema.org\",\"@graph\":[{\"@type\":\"WebPage\",\"@id\":\"https:\/\/www.2horn.it\/it\/einschreibungen\/\",\"url\":\"https:\/\/www.2horn.it\/it\/einschreibungen\/\",\"name\":\"Einschreibung 2Horn Downhill\",\"isPartOf\":{\"@id\":\"https:\/\/www.2horn.it\/it\/#website\"},\"datePublished\":\"2019-05-29T11:51:40+00:00\",\"dateModified\":\"2026-03-13T11:32:03+00:00\",\"description\":\"Apartment S\u00fcdtirol Egarter anfragen und buchen, wo es g\u00fcnstig ist. An der S\u00fcdtiroler Weinstra\u00dfe zwischen Bozen und dem Kalterer See gelegen nahe Golfplatz.\",\"inLanguage\":\"it-IT\",\"potentialAction\":[{\"@type\":\"ReadAction\",\"target\":[\"https:\/\/www.2horn.it\/it\/einschreibungen\/\"]}]},{\"@type\":\"WebSite\",\"@id\":\"https:\/\/www.2horn.it\/it\/#website\",\"url\":\"https:\/\/www.2horn.it\/it\/\",\"name\":\"2 Horn\",\"description\":\"Downhill S\u00fcdtirol Cup\",\"potentialAction\":[{\"@type\":\"SearchAction\",\"target\":{\"@type\":\"EntryPoint\",\"urlTemplate\":\"https:\/\/www.2horn.it\/it\/?s={search_term_string}\"},\"query-input\":{\"@type\":\"PropertyValueSpecification\",\"valueRequired\":true,\"valueName\":\"search_term_string\"}}],\"inLanguage\":\"it-IT\"}]}<\/script>\n<!-- \/ Yoast SEO plugin. -->","yoast_head_json":{"title":"Einschreibung 2Horn Downhill","description":"Apartment S\u00fcdtirol Egarter anfragen und buchen, wo es g\u00fcnstig ist. An der S\u00fcdtiroler Weinstra\u00dfe zwischen Bozen und dem Kalterer See gelegen nahe Golfplatz.","robots":{"index":"index","follow":"follow","max-snippet":"max-snippet:-1","max-image-preview":"max-image-preview:large","max-video-preview":"max-video-preview:-1"},"canonical":"https:\/\/www.2horn.it\/it\/einschreibungen\/","og_locale":"it_IT","og_type":"article","og_title":"Einschreibung 2Horn Downhill","og_description":"Apartment S\u00fcdtirol Egarter anfragen und buchen, wo es g\u00fcnstig ist. An der S\u00fcdtiroler Weinstra\u00dfe zwischen Bozen und dem Kalterer See gelegen nahe Golfplatz.","og_url":"https:\/\/www.2horn.it\/it\/einschreibungen\/","og_site_name":"2 Horn","article_modified_time":"2026-03-13T11:32:03+00:00","twitter_card":"summary_large_image","schema":{"@context":"https:\/\/schema.org","@graph":[{"@type":"WebPage","@id":"https:\/\/www.2horn.it\/it\/einschreibungen\/","url":"https:\/\/www.2horn.it\/it\/einschreibungen\/","name":"Einschreibung 2Horn Downhill","isPartOf":{"@id":"https:\/\/www.2horn.it\/it\/#website"},"datePublished":"2019-05-29T11:51:40+00:00","dateModified":"2026-03-13T11:32:03+00:00","description":"Apartment S\u00fcdtirol Egarter anfragen und buchen, wo es g\u00fcnstig ist. An der S\u00fcdtiroler Weinstra\u00dfe zwischen Bozen und dem Kalterer See gelegen nahe Golfplatz.","inLanguage":"it-IT","potentialAction":[{"@type":"ReadAction","target":["https:\/\/www.2horn.it\/it\/einschreibungen\/"]}]},{"@type":"WebSite","@id":"https:\/\/www.2horn.it\/it\/#website","url":"https:\/\/www.2horn.it\/it\/","name":"2 Horn","description":"Downhill S\u00fcdtirol Cup","potentialAction":[{"@type":"SearchAction","target":{"@type":"EntryPoint","urlTemplate":"https:\/\/www.2horn.it\/it\/?s={search_term_string}"},"query-input":{"@type":"PropertyValueSpecification","valueRequired":true,"valueName":"search_term_string"}}],"inLanguage":"it-IT"}]}},"jetpack_sharing_enabled":true,"_links":{"self":[{"href":"https:\/\/www.2horn.it\/it\/wp-json\/wp\/v2\/pages\/585","targetHints":{"allow":["GET"]}}],"collection":[{"href":"https:\/\/www.2horn.it\/it\/wp-json\/wp\/v2\/pages"}],"about":[{"href":"https:\/\/www.2horn.it\/it\/wp-json\/wp\/v2\/types\/page"}],"author":[{"embeddable":true,"href":"https:\/\/www.2horn.it\/it\/wp-json\/wp\/v2\/users\/1"}],"replies":[{"embeddable":true,"href":"https:\/\/www.2horn.it\/it\/wp-json\/wp\/v2\/comments?post=585"}],"version-history":[{"count":49,"href":"https:\/\/www.2horn.it\/it\/wp-json\/wp\/v2\/pages\/585\/revisions"}],"predecessor-version":[{"id":5106,"href":"https:\/\/www.2horn.it\/it\/wp-json\/wp\/v2\/pages\/585\/revisions\/5106"}],"wp:attachment":[{"href":"https:\/\/www.2horn.it\/it\/wp-json\/wp\/v2\/media?parent=585"}],"curies":[{"name":"wp","href":"https:\/\/api.w.org\/{rel}","templated":true}]}}